{"id":2,"date":"2019-06-20T16:29:20","date_gmt":"2019-06-20T16:29:20","guid":{"rendered":"https:\/\/iteria.lv\/itrade.lv\/?p=2"},"modified":"2025-09-15T14:44:24","modified_gmt":"2025-09-15T14:44:24","slug":"platforma","status":"publish","type":"page","link":"https:\/\/itrade.lv\/?page_id=2","title":{"rendered":"B2B Platforma"},"content":{"rendered":"<ul>\n<li>\n        <a href=\"https:\/\/itrade.lv\/en\/\">EN<\/a>\n    <\/li>\n<li>\n        <a href=\"https:\/\/itrade.lv\/\">LV<\/a>\n    <\/li>\n<li>\n        <a href=\"https:\/\/itrade.lv\/ru\/\">RU<\/a>\n    <\/li>\n<\/ul>\n<ul>\n<li>\n        <a href=\"https:\/\/itrade.lv\/b2b\/login\">Piesl\u0113gties<\/a>\n    <\/li>\n<li>\n        <a href=\"https:\/\/itrade.lv\/b2b\/signup\">Re\u0123istr\u0113ties<\/a>\n    <\/li>\n<\/ul>\n<h2>\n<p>kvalitat\u012bvs serviss<br \/>un konkur\u0113tsp\u0113j\u012bgas cenas<\/p>\n<p>K\u013custi par partneri<\/p>\n<\/h2>\n<div>\n<p>Re\u0123istr\u0113jies un ieg\u016bsti piek\u013cuvi simtiem zin\u0101mu z\u012bmolu produktiem, k\u0101 ar\u012b lieliskiem pied\u0101v\u0101jumiem no Swissten, Mocco, Promate, Mars Gaming, Vertux u.c.<\/p>\n<\/div>\n<ul>\n<li>\n<h3>B2B platforma<\/h3>\n<div>\n<p>Piek\u013cuve visam produktu kl\u0101stam. B2B platforma \u013cauj \u0101tri atrast nepiecie\u0161amos produktus, veikt pas\u016bt\u012bjumu un sa\u0146emt lab\u0101kos pied\u0101v\u0101jumus.<\/p>\n<\/div>\n<\/li>\n<li>\n<h3>Piek\u013cuve 24\/7<\/h3>\n<div>\n<p>Veiciet pas\u016btijumus jebkur\u0101 diennakts laik\u0101 un esiet dro\u0161s, ka prece tiks rezerv\u0113ta jums paredz\u0113taj\u0101 laik\u0101.<\/p>\n<\/div>\n<\/li>\n<li>\n<h3>\u0100tra pas\u016bt\u012bjuma apstr\u0101de<\/h3>\n<div>\n<p>Pas\u016bt\u012bjumu apstr\u0101de jau taj\u0101 pa\u0161\u0101 dien\u0101 ar iesp\u0113ju sa\u0146emt preci n\u0101kamaj\u0101 darba dien\u0101.\u00a0<\/p>\n<\/div>\n<\/li>\n<li>\n<h3>M\u016bsu Likums &#8211; apmierin\u0101ts klients<\/h3>\n<div>\n<p>Attiec\u012bbas ar klientiem un sadarb\u012bbas partneriem ir m\u016bsu liel\u0101k\u0101 v\u0113rt\u012bba &#8211; m\u0113s nodro\u0161inam klientiem pilnu servisu pirmsp\u0101rdo\u0161an\u0101 un p\u0113cp\u0101rdo\u0161an\u0101.<\/p>\n<\/div>\n<\/li>\n<\/ul>\n<p><img decoding=\"async\" src=\"\/wp-content\/uploads\/2023\/12\/mac_itrade_wallpaper_grey.jpg\" alt=\"\"><\/p>\n<h2>ITRADE &#8211; r\u012bks j\u016bsu biznesam<\/h2>\n<div>\n<p>Moderna pieeja biznesam, izmantojot B2B platformu ar XML integr\u0101cijas iesp\u0113j\u0101m. K\u013c\u016bsti par m\u016bsu partneri un ieg\u016bsti \u0113rtu p\u0101rdo\u0161anas risin\u0101jumu r\u012bku, ko sniedz iTrade komanda.<\/p>\n<div id=\"gtx-trans\" style=\"position: absolute; left: -127px; top: -10px;\">\n<div class=\"gtx-trans-icon\"><\/div>\n<\/div>\n<\/div>\n<div>\n<p>\u00a0 \u00a0<\/p>\n<\/div>\n<div>\n<\/p>\n<p><span>SIA iTrading<\/span><br \/><span>LV40203028132<\/span><br \/><a href=\"https:\/\/www.google.lv\/maps\/place\/SIA+iTrading\/@56.98128,24.1184337,20z\/data=!4m15!1m8!3m7!1s0x46eecfa252bdadfb:0x70e5a38747c3b3b0!2zR2FuxKtidSBkYW1iaXMgMjRkLCBaaWVtZcS8dSByYWpvbnMsIFLEq2dhLCBMVi0xMDA1!3b1!8m2!3d56.9812885!4d24.1183859!16s%2Fg%2F11c2gy65kz!3m5!1s0x46eece4edd193871:0xc8bf7d7539418247!8m2!3d56.981332!4d24.1188636!16s%2Fg%2F11hbt7ggvf?hl=lv&amp;entry=ttu\"><span>R\u012bga, Gan\u012bbu dambis 24d , LV-1005<\/span><\/a><\/p>\n<\/div>\n<p><img decoding=\"async\" src=\"\/wp-content\/uploads\/2023\/12\/itrade_logo_vectorized_PNG.png\" alt=\"\"><\/p>\n<ul>\n<li>\n        <a href=\"mailto:info@itrade.lv\">info@itrade.lv<\/a>\n    <\/li>\n<li>\n        <a href=\"https:\/\/wa.me\/+37124246696\">Whatsapp<\/a>\n    <\/li>\n<li>\n        <a href=\"tel:+37124246696\">+37124246696<\/a>\n    <\/li>\n<\/ul>\n<div>noliktava<\/div>\n<div>\n<p>R\u012bga, Gan\u012bbu dambis 24d<br \/>warehouse@itrade.lv<br \/><span>+37129999016<\/span><\/p>\n<\/div>\n<div>\n<p>56.9811,24.1190<\/p>\n<h3>Gan\u012bbu dambis 24d, Zieme\u013cu rajons, R\u012bga, LV-1005<\/h3>\n<\/div>\n<p><!--more--><br \/>\n<!-- {\"name\":\"Company\",\"type\":\"layout\",\"children\":[{\"type\":\"section\",\"props\":{\"image_position\":\"center-center\",\"overlap\":false,\"padding_remove_bottom\":true,\"padding_remove_horizontal\":false,\"padding_remove_top\":true,\"sticky\":\"\",\"style\":\"default\",\"title_breakpoint\":\"xl\",\"title_position\":\"top-left\",\"title_rotation\":\"left\",\"vertical_align\":\"middle\",\"width\":\"default\"},\"children\":[{\"type\":\"row\",\"props\":{\"column_gap\":\"small\",\"margin\":\"small\",\"margin_remove_bottom\":true,\"margin_remove_top\":true,\"match\":false,\"padding_remove_horizontal\":false,\"row_gap\":\"collapse\",\"width\":\"default\"},\"children\":[{\"type\":\"column\",\"props\":{\"image_position\":\"center-center\",\"media_overlay_gradient\":\"\",\"position_sticky_breakpoint\":\"m\",\"width_medium\":\"\"},\"children\":[{\"type\":\"button\",\"props\":{\"grid_column_gap\":\"small\",\"grid_row_gap\":\"small\",\"margin\":\"remove-vertical\",\"margin_remove_bottom\":true,\"margin_remove_top\":true,\"position_left\":\"-50\",\"position_top\":\"0\",\"position_z_index\":\"1\",\"text_align\":\"right\"},\"children\":[{\"type\":\"button_item\",\"props\":{\"button_style\":\"link-text\",\"content\":\"EN\",\"icon_align\":\"left\",\"link\":\"https:\\\/\\\/itrade.lv\\\/en\\\/\"}},{\"type\":\"button_item\",\"props\":{\"button_style\":\"link-muted\",\"content\":\"LV\",\"icon_align\":\"left\",\"link\":\"https:\\\/\\\/itrade.lv\\\/\"}},{\"type\":\"button_item\",\"props\":{\"button_style\":\"link-text\",\"content\":\"RU\",\"icon\":\"\",\"icon_align\":\"left\",\"link\":\"https:\\\/\\\/itrade.lv\\\/ru\\\/\"}}],\"name\":\"lang_panel\"}]}]}],\"name\":\"lang_section\"},{\"name\":\"Hero\",\"type\":\"section\",\"props\":{\"animation\":\"fade\",\"height\":\"percent\",\"image\":\"wp-content\\\/uploads\\\/2023\\\/12\\\/image_2023_12_06T09_06_42_191Z.png\",\"image_loading\":true,\"image_position\":\"center-center\",\"image_size\":\"cover\",\"image_width\":\"2560\",\"style\":\"default\",\"text_color\":\"light\",\"title_breakpoint\":\"xl\",\"title_position\":\"top-left\",\"title_rotation\":\"left\",\"vertical_align\":\"middle\",\"width\":\"default\"},\"children\":[{\"name\":\"\",\"type\":\"row\",\"children\":[{\"name\":\"\",\"type\":\"column\",\"props\":{\"image_position\":\"center-center\",\"media_overlay_gradient\":\"\",\"position_sticky_breakpoint\":\"m\",\"text_color\":\"dark\",\"width_medium\":\"\"},\"children\":[{\"type\":\"button\",\"props\":{\"block_align\":\"center\",\"button_size\":\"large\",\"fullwidth\":true,\"grid_column_gap\":\"\",\"grid_row_gap\":\"small\",\"margin\":\"small\",\"margin_remove_top\":false,\"maxwidth\":\"large\",\"position\":\"relative\",\"position_bottom\":\"-150\",\"position_left\":\"0\",\"text_align\":\"center\"},\"children\":[{\"type\":\"button_item\",\"props\":{\"button_style\":\"secondary\",\"content\":\"Piesl\\u0113gties\",\"icon\":\"bag\",\"icon_align\":\"left\",\"lightbox_height\":\"\",\"lightbox_width\":\"\",\"link\":\"https:\\\/\\\/itrade.lv\\\/b2b\\\/login\",\"link_target\":\"blank\"}},{\"type\":\"button_item\",\"props\":{\"button_style\":\"secondary\",\"content\":\"Re\\u0123istr\\u0113ties\",\"icon\":\"user\",\"icon_align\":\"left\",\"link\":\"https:\\\/\\\/itrade.lv\\\/b2b\\\/signup\",\"link_target\":\"blank\"}}],\"name\":\"login\"}]}]}]},{\"name\":\"Studio presentation\",\"type\":\"section\",\"props\":{\"animation\":\"slide-top-small\",\"animation_delay\":\"200\",\"image_position\":\"center-center\",\"image_size\":\"cover\",\"style\":\"default\",\"title_breakpoint\":\"xl\",\"title_position\":\"top-left\",\"title_rotation\":\"left\",\"vertical_align\":\"middle\",\"width\":\"default\"},\"children\":[{\"name\":\"\",\"type\":\"row\",\"props\":{\"layout\":\"1-2,1-2\",\"margin\":\"large\"},\"children\":[{\"name\":\"\",\"type\":\"column\",\"props\":{\"image_position\":\"center-center\",\"media_overlay_gradient\":\"\",\"position_sticky_breakpoint\":\"m\",\"width_medium\":\"1-2\"},\"children\":[{\"name\":\"\",\"type\":\"headline\",\"props\":{\"block_align\":\"center\",\"content\":\"\n\n<p>kvalitat\\u012bvs serviss<br \\\/>un konkur\\u0113tsp\\u0113j\\u012bgas cenas<br \\\/><br \\\/>K\\u013custi par partneri<\\\/p>\",\"maxwidth\":\"2xlarge\",\"text_align\":\"center\",\"title_decoration\":\"divider\",\"title_element\":\"h2\"}}]},{\"name\":\"\",\"type\":\"column\",\"props\":{\"image_position\":\"center-center\",\"media_overlay_gradient\":\"\",\"position_sticky_breakpoint\":\"m\",\"width_medium\":\"1-2\"},\"children\":[{\"name\":\"\",\"type\":\"text\",\"props\":{\"column_breakpoint\":\"m\",\"content\":\"\n\n<p>Re\\u0123istr\\u0113jies un ieg\\u016bsti piek\\u013cuvi simtiem zin\\u0101mu z\\u012bmolu produktiem, k\\u0101 ar\\u012b lieliskiem pied\\u0101v\\u0101jumiem no Swissten, Mocco, Promate, Mars Gaming, Vertux u.c.<\\\/p>\",\"margin\":\"large\",\"text_style\":\"large\"}},{\"name\":\"\",\"type\":\"accordion\",\"props\":{\"collapsible\":true,\"content_column_breakpoint\":\"m\",\"image_align\":\"top\",\"image_grid_breakpoint\":\"m\",\"image_grid_width\":\"1-2\",\"image_svg_color\":\"emphasis\",\"link_style\":\"default\",\"link_text\":\"Read more\",\"show_image\":true,\"show_link\":true,\"title_element\":\"h3\"},\"children\":[{\"name\":\"\",\"type\":\"accordion_item\",\"props\":{\"content\":\"\n\n<p>Piek\\u013cuve visam produktu kl\\u0101stam. B2B platforma \\u013cauj \\u0101tri atrast nepiecie\\u0161amos produktus, veikt pas\\u016bt\\u012bjumu un sa\\u0146emt lab\\u0101kos pied\\u0101v\\u0101jumus.<\\\/p>\",\"title\":\"B2B platforma\"}},{\"name\":\"\",\"type\":\"accordion_item\",\"props\":{\"content\":\"\n\n<p>Veiciet pas\\u016btijumus jebkur\\u0101 diennakts laik\\u0101 un esiet dro\\u0161s, ka prece tiks rezerv\\u0113ta jums paredz\\u0113taj\\u0101 laik\\u0101.<\\\/p>\",\"title\":\"Piek\\u013cuve 24\\\/7\"}},{\"name\":\"\",\"type\":\"accordion_item\",\"props\":{\"content\":\"\n\n<p>Pas\\u016bt\\u012bjumu apstr\\u0101de jau taj\\u0101 pa\\u0161\\u0101 dien\\u0101 ar iesp\\u0113ju sa\\u0146emt preci n\\u0101kamaj\\u0101 darba dien\\u0101.\\u00a0<\\\/p>\",\"title\":\"\\u0100tra pas\\u016bt\\u012bjuma apstr\\u0101de\"}},{\"name\":\"\",\"type\":\"accordion_item\",\"props\":{\"content\":\"\n\n<p>Attiec\\u012bbas ar klientiem un sadarb\\u012bbas partneriem ir m\\u016bsu liel\\u0101k\\u0101 v\\u0113rt\\u012bba - m\\u0113s nodro\\u0161inam klientiem pilnu servisu pirmsp\\u0101rdo\\u0161an\\u0101 un p\\u0113cp\\u0101rdo\\u0161an\\u0101.<\\\/p>\",\"title\":\"M\\u016bsu Likums - apmierin\\u0101ts klients\"}}]}]}]}]},{\"name\":\"Contact\",\"type\":\"section\",\"props\":{\"animation\":\"fade\",\"image_position\":\"center-center\",\"image_size\":\"cover\",\"padding\":\"large\",\"style\":\"muted\",\"title_breakpoint\":\"xl\",\"title_position\":\"top-left\",\"title_rotation\":\"left\",\"vertical_align\":\"middle\",\"width\":\"default\"},\"children\":[{\"name\":\"\",\"type\":\"row\",\"children\":[{\"name\":\"\",\"type\":\"column\",\"props\":{\"image_position\":\"center-center\",\"media_overlay_gradient\":\"\",\"position_sticky_breakpoint\":\"m\",\"width_medium\":\"1-1\"},\"children\":[{\"name\":\"\",\"type\":\"image\",\"props\":{\"image\":\"wp-content\\\/uploads\\\/2023\\\/12\\\/mac_itrade_wallpaper_grey.jpg\",\"image_border\":\"rounded\",\"image_box_decoration\":\"shadow\",\"image_box_shadow\":\"medium\",\"image_svg_color\":\"emphasis\",\"margin\":\"default\"}}]}]},{\"name\":\"\",\"type\":\"row\",\"props\":{\"layout\":\"1-2,1-2\",\"margin\":\"xlarge\"},\"children\":[{\"name\":\"\",\"type\":\"column\",\"props\":{\"image_position\":\"center-center\",\"media_overlay_gradient\":\"\",\"position_sticky_breakpoint\":\"m\",\"width_medium\":\"1-2\"},\"children\":[{\"name\":\"\",\"type\":\"headline\",\"props\":{\"content\":\"ITRADE - r\\u012bks j\\u016bsu biznesam\",\"title_element\":\"h2\"}},{\"name\":\"\",\"type\":\"text\",\"props\":{\"column_breakpoint\":\"m\",\"content\":\"\n\n<p>Moderna pieeja biznesam, izmantojot B2B platformu ar XML integr\\u0101cijas iesp\\u0113j\\u0101m. K\\u013c\\u016bsti par m\\u016bsu partneri un ieg\\u016bsti \\u0113rtu p\\u0101rdo\\u0161anas risin\\u0101jumu r\\u012bku, ko sniedz iTrade komanda.<\\\/p>\\n\n\n<div id=\\\"gtx-trans\\\" style=\\\"position: absolute; left: -127px; top: -10px;\\\">\\n\n\n<div class=\\\"gtx-trans-icon\\\"><\\\/div>\\n<\\\/div>\",\"margin\":\"default\"}},{\"type\":\"text\",\"props\":{\"column_breakpoint\":\"m\",\"content\":\"\n\n<p>\\u00a0 \\u00a0<\\\/p>\",\"margin\":\"default\"}},{\"type\":\"text\",\"props\":{\"column_breakpoint\":\"m\",\"content\":\"\n\n<p><\\\/p>\\n\n\n<p><\\\/p>\\n\n\n<p><span>SIA iTrading<\\\/span><br \\\/><span>LV40203028132<\\\/span><br \\\/><a href=\\\"https:\\\/\\\/www.google.lv\\\/maps\\\/place\\\/SIA+iTrading\\\/@56.98128,24.1184337,20z\\\/data=!4m15!1m8!3m7!1s0x46eecfa252bdadfb:0x70e5a38747c3b3b0!2zR2FuxKtidSBkYW1iaXMgMjRkLCBaaWVtZcS8dSByYWpvbnMsIFLEq2dhLCBMVi0xMDA1!3b1!8m2!3d56.9812885!4d24.1183859!16s%2Fg%2F11c2gy65kz!3m5!1s0x46eece4edd193871:0xc8bf7d7539418247!8m2!3d56.981332!4d24.1188636!16s%2Fg%2F11hbt7ggvf?hl=lv&amp;entry=ttu\\\"><span>R\\u012bga, Gan\\u012bbu dambis 24d , LV-1005<\\\/span><\\\/a><\\\/p>\",\"margin\":\"default\"}},{\"type\":\"image\",\"props\":{\"image\":\"wp-content\\\/uploads\\\/2023\\\/12\\\/itrade_logo_vectorized_PNG.png\",\"image_svg_color\":\"emphasis\",\"image_width\":\"200\",\"margin\":\"default\",\"position\":\"absolute\",\"position_left\":\"-45\",\"position_top\":\"110\"}},{\"type\":\"button\",\"props\":{\"grid_column_gap\":\"small\",\"grid_row_gap\":\"small\",\"margin\":\"small\"},\"children\":[{\"type\":\"button_item\",\"props\":{\"button_style\":\"link-text\",\"content\":\"info@itrade.lv\",\"icon\":\"mail\",\"icon_align\":\"left\",\"link\":\"mailto:info@itrade.lv\"}},{\"type\":\"button_item\",\"props\":{\"button_style\":\"link-text\",\"content\":\"Whatsapp\",\"icon\":\"whatsapp\",\"icon_align\":\"left\",\"link\":\"https:\\\/\\\/wa.me\\\/+37124246696\"}},{\"type\":\"button_item\",\"props\":{\"button_style\":\"link-text\",\"content\":\"+37124246696\",\"icon\":\"receiver\",\"icon_align\":\"left\",\"link\":\"tel:+37124246696\"}}]}]},{\"name\":\"\",\"type\":\"column\",\"props\":{\"image_position\":\"center-center\",\"media_overlay_gradient\":\"\",\"position_sticky_breakpoint\":\"m\",\"width_medium\":\"1-2\"},\"children\":[{\"name\":\"\",\"type\":\"headline\",\"props\":{\"content\":\"noliktava\",\"title_element\":\"div\",\"title_style\":\"h5\"}},{\"name\":\"\",\"type\":\"text\",\"props\":{\"column_breakpoint\":\"m\",\"content\":\"\n\n<p>R\\u012bga, Gan\\u012bbu dambis 24d<br \\\/>warehouse@itrade.lv<br \\\/><span>+37129999016<\\\/span><\\\/p>\",\"margin\":\"default\"}},{\"type\":\"map\",\"props\":{\"controls\":true,\"dragging\":false,\"image_svg_color\":\"emphasis\",\"link_style\":\"default\",\"link_text\":\"Read more\",\"margin\":\"default\",\"max_zoom\":18,\"meta_align\":\"below-title\",\"meta_element\":\"div\",\"meta_style\":\"text-meta\",\"min_zoom\":0,\"poi\":false,\"show_content\":true,\"show_image\":true,\"show_link\":true,\"show_meta\":true,\"show_title\":true,\"title_element\":\"h3\",\"title_hover_style\":\"reset\",\"type\":\"roadmap\",\"zoom\":10,\"zooming\":false},\"children\":[{\"type\":\"map_item\",\"props\":{\"location\":\"56.9811,24.1190\",\"title\":\"Gan\\u012bbu dambis 24d, Zieme\\u013cu rajons, R\\u012bga, LV-1005\"}}]}]}]}]}],\"version\":\"3.0.27\"} --><\/p>\n","protected":false},"excerpt":{"rendered":"<p>EN LV RU Piesl\u0113gties Re\u0123istr\u0113ties kvalitat\u012bvs servissun konkur\u0113tsp\u0113j\u012bgas cenas K\u013custi par partneri Re\u0123istr\u0113jies un ieg\u016bsti piek\u013cuvi simtiem zin\u0101mu z\u012bmolu produktiem, k\u0101 ar\u012b lieliskiem pied\u0101v\u0101jumiem no Swissten, Mocco, Promate, Mars Gaming, Vertux u.c. B2B platforma Piek\u013cuve visam produktu kl\u0101stam. B2B platforma \u013cauj \u0101tri atrast nepiecie\u0161amos produktus, veikt pas\u016bt\u012bjumu un sa\u0146emt lab\u0101kos pied\u0101v\u0101jumus. Piek\u013cuve 24\/7 Veiciet pas\u016btijumus [&hellip;]<\/p>\n","protected":false},"author":1,"featured_media":0,"parent":0,"menu_order":5,"comment_status":"closed","ping_status":"closed","template":"","meta":{"footnotes":""},"acf":[],"_links":{"self":[{"href":"https:\/\/itrade.lv\/index.php?rest_route=\/wp\/v2\/pages\/2"}],"collection":[{"href":"https:\/\/itrade.lv\/index.php?rest_route=\/wp\/v2\/pages"}],"about":[{"href":"https:\/\/itrade.lv\/index.php?rest_route=\/wp\/v2\/types\/page"}],"author":[{"embeddable":true,"href":"https:\/\/itrade.lv\/index.php?rest_route=\/wp\/v2\/users\/1"}],"replies":[{"embeddable":true,"href":"https:\/\/itrade.lv\/index.php?rest_route=%2Fwp%2Fv2%2Fcomments&post=2"}],"version-history":[{"count":76,"href":"https:\/\/itrade.lv\/index.php?rest_route=\/wp\/v2\/pages\/2\/revisions"}],"predecessor-version":[{"id":1817,"href":"https:\/\/itrade.lv\/index.php?rest_route=\/wp\/v2\/pages\/2\/revisions\/1817"}],"wp:attachment":[{"href":"https:\/\/itrade.lv\/index.php?rest_route=%2Fwp%2Fv2%2Fmedia&parent=2"}],"curies":[{"name":"wp","href":"https:\/\/api.w.org\/{rel}","templated":true}]}}