{"id":2,"date":"2019-06-20T16:29:20","date_gmt":"2019-06-20T16:29:20","guid":{"rendered":"https:\/\/iteria.lv\/itrade.lv\/en\/?p=2"},"modified":"2025-09-15T14:45:37","modified_gmt":"2025-09-15T14:45:37","slug":"platformb2b","status":"publish","type":"page","link":"https:\/\/itrade.lv\/en\/?page_id=2","title":{"rendered":"B2B \u041f\u043b\u0430\u0442\u0444\u043e\u0440\u043c\u0430"},"content":{"rendered":"<ul>\n<li>\n        <a href=\"https:\/\/itrade.lv\/en\">EN<\/a>\n    <\/li>\n<li>\n        <a href=\"https:\/\/itrade.lv\/\">LV<\/a>\n    <\/li>\n<li>\n        <a href=\"https:\/\/itrade.lv\/ru\">RU<\/a>\n    <\/li>\n<\/ul>\n<ul>\n<li>\n        <a href=\"https:\/\/itrade.lv\/b2b\/login\">Sign In<\/a>\n    <\/li>\n<li>\n        <a href=\"https:\/\/itrade.lv\/b2b\/signup\">Sign Up<\/a>\n    <\/li>\n<\/ul>\n<h2>\n<p>quality service<br \/>and competitive prices<\/p>\n<p>Join our team<\/p>\n<\/h2>\n<div>\n<p>Register and get access to wholesale offers on thousands of products from famous brands, as well as unique offers for retail chains of products from Swissten, Mocco, Promate, Mars Gaming, Vertux&#8230;<\/p>\n<\/div>\n<ul>\n<li>\n<h3>B2B platform<\/h3>\n<div>\n<p>Access to the entire range of products is a key option for successful cooperation. The B2B platform allows you to quickly navigate through products, place orders and receive the best offers.<\/p>\n<\/div>\n<\/li>\n<li>\n<h3>24\/7 Access<\/h3>\n<div>\n<p>Place orders at any time of the day and be sure that the product will remain reserved for you at any time of the day or night.<\/p>\n<\/div>\n<\/li>\n<li>\n<h3>Fast order processing<\/h3>\n<div>\n<p>All orders are processed the same business day with local next day delivery.<\/p>\n<\/div>\n<\/li>\n<li>\n<h3>A satisfied client is our law for us<\/h3>\n<div>\n<p>We provide complete pre-sales and after-sales service to our customers thanks to constant and effective online communication of our managers.<\/p>\n<\/div>\n<\/li>\n<\/ul>\n<p><img decoding=\"async\" src=\"\/en\/wp-content\/uploads\/2023\/12\/mac_itrade_wallpaper_grey.jpg\" alt=\"\"><\/p>\n<h2>ITRADE &#8211; a tool for your business<\/h2>\n<div>\n<p>Without modern technology there is no modern business. Our B2B platform is a channel that facilitates purchasing for further sale to your customers. Join us, our partners, and comfortably use the experience and resources provided by cooperation with iTrade!<\/p>\n<\/div>\n<div>\n<p>\u00a0 \u00a0<\/p>\n<\/div>\n<div>\n<\/p>\n<p><span>SIA iTrading<\/span><br \/><span>LV40203028132<\/span><br \/><a href=\"https:\/\/www.google.lv\/maps\/place\/SIA+iTrading\/@56.98128,24.1184337,20z\/data=!4m15!1m8!3m7!1s0x46eecfa252bdadfb:0x70e5a38747c3b3b0!2zR2FuxKtidSBkYW1iaXMgMjRkLCBaaWVtZcS8dSByYWpvbnMsIFLEq2dhLCBMVi0xMDA1!3b1!8m2!3d56.9812885!4d24.1183859!16s%2Fg%2F11c2gy65kz!3m5!1s0x46eece4edd193871:0xc8bf7d7539418247!8m2!3d56.981332!4d24.1188636!16s%2Fg%2F11hbt7ggvf?hl=lv&amp;entry=ttu\"><span>R\u012bga, Gan\u012bbu dambis 24d , LV-1005<\/span><\/a><\/p>\n<\/div>\n<p><img decoding=\"async\" src=\"\/en\/wp-content\/uploads\/2023\/12\/itrade_logo_vectorized_PNG.png\" alt=\"\"><\/p>\n<ul>\n<li>\n        <a href=\"mailto:info@itrade.lv\">info@itrade.lv<\/a>\n    <\/li>\n<li>\n        <a href=\"https:\/\/wa.me\/+37124246696\">Whatsapp<\/a>\n    <\/li>\n<li>\n        <a href=\"call:+37124246696\">+37124246696<\/a>\n    <\/li>\n<\/ul>\n<div>Warehouse<\/div>\n<div>\n<p>R\u012bga, Gan\u012bbu dambis 24d<br \/>warehouse@itrade.lv<br \/><span>+37129999016<\/span><\/p>\n<\/div>\n<div>\n<p>56.9811,24.1190<\/p>\n<h3>Gan\u012bbu dambis 24d, Zieme\u013cu rajons, R\u012bga, LV-1005<\/h3>\n<\/div>\n<p><!--more--><br \/>\n<!-- {\"name\":\"Company\",\"type\":\"layout\",\"children\":[{\"type\":\"section\",\"props\":{\"image_position\":\"center-center\",\"overlap\":false,\"padding_remove_bottom\":true,\"padding_remove_horizontal\":false,\"padding_remove_top\":true,\"sticky\":\"\",\"style\":\"default\",\"title_breakpoint\":\"xl\",\"title_position\":\"top-left\",\"title_rotation\":\"left\",\"vertical_align\":\"middle\",\"width\":\"default\"},\"children\":[{\"type\":\"row\",\"props\":{\"column_gap\":\"small\",\"margin\":\"small\",\"margin_remove_bottom\":true,\"margin_remove_top\":true,\"match\":false,\"padding_remove_horizontal\":false,\"row_gap\":\"collapse\",\"width\":\"default\"},\"children\":[{\"type\":\"column\",\"props\":{\"image_position\":\"center-center\",\"media_overlay_gradient\":\"\",\"position_sticky_breakpoint\":\"m\",\"width_medium\":\"\"},\"children\":[{\"type\":\"button\",\"props\":{\"grid_column_gap\":\"small\",\"grid_row_gap\":\"small\",\"margin\":\"remove-vertical\",\"margin_remove_bottom\":true,\"margin_remove_top\":true,\"position_left\":\"-50\",\"position_top\":\"0\",\"position_z_index\":\"1\",\"text_align\":\"right\"},\"children\":[{\"type\":\"button_item\",\"props\":{\"button_style\":\"link-muted\",\"content\":\"EN\",\"icon_align\":\"left\",\"link\":\"https:\\\/\\\/itrade.lv\\\/en\"}},{\"type\":\"button_item\",\"props\":{\"button_style\":\"link-text\",\"content\":\"LV\",\"icon_align\":\"left\",\"link\":\"https:\\\/\\\/itrade.lv\\\/\"}},{\"type\":\"button_item\",\"props\":{\"button_style\":\"link-text\",\"content\":\"RU\",\"icon\":\"\",\"icon_align\":\"left\",\"link\":\"https:\\\/\\\/itrade.lv\\\/ru\"}}],\"name\":\"lang_panel\"}]}]}],\"name\":\"lang_section\"},{\"name\":\"Hero\",\"type\":\"section\",\"props\":{\"animation\":\"fade\",\"height\":\"percent\",\"image\":\"wp-content\\\/uploads\\\/2023\\\/12\\\/image_2023_12_06T09_06_42_191Z.png\",\"image_loading\":true,\"image_position\":\"center-center\",\"image_size\":\"cover\",\"image_width\":\"2560\",\"style\":\"default\",\"text_color\":\"light\",\"title_breakpoint\":\"xl\",\"title_position\":\"top-left\",\"title_rotation\":\"left\",\"vertical_align\":\"bottom\",\"width\":\"default\"},\"children\":[{\"name\":\"\",\"type\":\"row\",\"children\":[{\"name\":\"\",\"type\":\"column\",\"props\":{\"image_position\":\"center-center\",\"media_overlay_gradient\":\"\",\"position_sticky_breakpoint\":\"m\",\"text_color\":\"dark\",\"width_medium\":\"\"},\"children\":[{\"type\":\"button\",\"props\":{\"block_align\":\"center\",\"button_size\":\"large\",\"fullwidth\":true,\"grid_column_gap\":\"\",\"grid_row_gap\":\"small\",\"margin\":\"default\",\"maxwidth\":\"large\",\"position_bottom\":\"-240\",\"position_left\":\"370\",\"text_align\":\"center\"},\"children\":[{\"type\":\"button_item\",\"props\":{\"button_style\":\"secondary\",\"content\":\"Sign In\",\"icon\":\"bag\",\"icon_align\":\"left\",\"lightbox_height\":\"500\",\"lightbox_width\":\"500\",\"link\":\"https:\\\/\\\/itrade.lv\\\/b2b\\\/login\"}},{\"type\":\"button_item\",\"props\":{\"button_style\":\"secondary\",\"content\":\"Sign Up\",\"icon\":\"user\",\"icon_align\":\"left\",\"link\":\"https:\\\/\\\/itrade.lv\\\/b2b\\\/signup\"}}],\"name\":\"login\"}]}],\"props\":{\"column_gap\":\"small\",\"width\":\"default\"}}]},{\"name\":\"Studio presentation\",\"type\":\"section\",\"props\":{\"animation\":\"slide-top-small\",\"animation_delay\":\"200\",\"image_position\":\"center-center\",\"image_size\":\"cover\",\"style\":\"default\",\"title_breakpoint\":\"xl\",\"title_position\":\"top-left\",\"title_rotation\":\"left\",\"vertical_align\":\"middle\",\"width\":\"default\"},\"children\":[{\"name\":\"\",\"type\":\"row\",\"props\":{\"layout\":\"1-2,1-2\",\"margin\":\"large\"},\"children\":[{\"name\":\"\",\"type\":\"column\",\"props\":{\"image_position\":\"center-center\",\"media_overlay_gradient\":\"\",\"position_sticky_breakpoint\":\"m\",\"width_medium\":\"1-2\"},\"children\":[{\"name\":\"\",\"type\":\"headline\",\"props\":{\"block_align\":\"center\",\"content\":\"\n\n<p>quality service<br \\\/>and competitive prices<br \\\/><br \\\/>Join our team<\\\/p>\",\"maxwidth\":\"2xlarge\",\"text_align\":\"center\",\"title_decoration\":\"divider\",\"title_element\":\"h2\"}}]},{\"name\":\"\",\"type\":\"column\",\"props\":{\"image_position\":\"center-center\",\"media_overlay_gradient\":\"\",\"position_sticky_breakpoint\":\"m\",\"width_medium\":\"1-2\"},\"children\":[{\"name\":\"\",\"type\":\"text\",\"props\":{\"column_breakpoint\":\"m\",\"content\":\"\n\n<p>Register and get access to wholesale offers on thousands of products from famous brands, as well as unique offers for retail chains of products from Swissten, Mocco, Promate, Mars Gaming, Vertux...<\\\/p>\",\"margin\":\"large\",\"text_style\":\"large\"}},{\"name\":\"\",\"type\":\"accordion\",\"props\":{\"collapsible\":true,\"content_column_breakpoint\":\"m\",\"image_align\":\"top\",\"image_grid_breakpoint\":\"m\",\"image_grid_width\":\"1-2\",\"image_svg_color\":\"emphasis\",\"link_style\":\"default\",\"link_text\":\"Read more\",\"show_image\":true,\"show_link\":true,\"title_element\":\"h3\"},\"children\":[{\"name\":\"\",\"type\":\"accordion_item\",\"props\":{\"content\":\"\n\n<p>Access to the entire range of products is a key option for successful cooperation. The B2B platform allows you to quickly navigate through products, place orders and receive the best offers.<\\\/p>\",\"title\":\"B2B platform\"}},{\"name\":\"\",\"type\":\"accordion_item\",\"props\":{\"content\":\"\n\n<p>Place orders at any time of the day and be sure that the product will remain reserved for you at any time of the day or night.<\\\/p>\",\"title\":\"24\\\/7 Access\"}},{\"name\":\"\",\"type\":\"accordion_item\",\"props\":{\"content\":\"\n\n<p>All orders are processed the same business day with local next day delivery.<\\\/p>\",\"title\":\"Fast order processing\"}},{\"name\":\"\",\"type\":\"accordion_item\",\"props\":{\"content\":\"\n\n<p>We provide complete pre-sales and after-sales service to our customers thanks to constant and effective online communication of our managers.<\\\/p>\",\"title\":\"A satisfied client is our law for us\"}}]}]}]}]},{\"name\":\"Contact\",\"type\":\"section\",\"props\":{\"animation\":\"fade\",\"image_position\":\"center-center\",\"image_size\":\"cover\",\"padding\":\"large\",\"style\":\"muted\",\"title_breakpoint\":\"xl\",\"title_position\":\"top-left\",\"title_rotation\":\"left\",\"vertical_align\":\"middle\",\"width\":\"default\"},\"children\":[{\"name\":\"\",\"type\":\"row\",\"children\":[{\"name\":\"\",\"type\":\"column\",\"props\":{\"image_position\":\"center-center\",\"media_overlay_gradient\":\"\",\"position_sticky_breakpoint\":\"m\",\"width_medium\":\"1-1\"},\"children\":[{\"name\":\"\",\"type\":\"image\",\"props\":{\"image\":\"wp-content\\\/uploads\\\/2023\\\/12\\\/mac_itrade_wallpaper_grey.jpg\",\"image_border\":\"rounded\",\"image_box_decoration\":\"shadow\",\"image_box_shadow\":\"medium\",\"image_svg_color\":\"emphasis\",\"margin\":\"default\"}}]}]},{\"name\":\"\",\"type\":\"row\",\"props\":{\"layout\":\"1-2,1-2\",\"margin\":\"xlarge\"},\"children\":[{\"name\":\"\",\"type\":\"column\",\"props\":{\"image_position\":\"center-center\",\"media_overlay_gradient\":\"\",\"position_sticky_breakpoint\":\"m\",\"width_medium\":\"1-2\"},\"children\":[{\"name\":\"\",\"type\":\"headline\",\"props\":{\"content\":\"ITRADE - a tool for your business\",\"title_element\":\"h2\"}},{\"name\":\"\",\"type\":\"text\",\"props\":{\"column_breakpoint\":\"m\",\"content\":\"\n\n<p>Without modern technology there is no modern business. Our B2B platform is a channel that facilitates purchasing for further sale to your customers. Join us, our partners, and comfortably use the experience and resources provided by cooperation with iTrade!<\\\/p>\",\"margin\":\"default\"}},{\"type\":\"text\",\"props\":{\"column_breakpoint\":\"m\",\"content\":\"\n\n<p>\\u00a0 \\u00a0<\\\/p>\",\"margin\":\"default\"}},{\"type\":\"text\",\"props\":{\"column_breakpoint\":\"m\",\"content\":\"\n\n<p><\\\/p>\\n\n\n<p><\\\/p>\\n\n\n<p><span>SIA iTrading<\\\/span><br \\\/><span>LV40203028132<\\\/span><br \\\/><a href=\\\"https:\\\/\\\/www.google.lv\\\/maps\\\/place\\\/SIA+iTrading\\\/@56.98128,24.1184337,20z\\\/data=!4m15!1m8!3m7!1s0x46eecfa252bdadfb:0x70e5a38747c3b3b0!2zR2FuxKtidSBkYW1iaXMgMjRkLCBaaWVtZcS8dSByYWpvbnMsIFLEq2dhLCBMVi0xMDA1!3b1!8m2!3d56.9812885!4d24.1183859!16s%2Fg%2F11c2gy65kz!3m5!1s0x46eece4edd193871:0xc8bf7d7539418247!8m2!3d56.981332!4d24.1188636!16s%2Fg%2F11hbt7ggvf?hl=lv&amp;entry=ttu\\\"><span>R\\u012bga, Gan\\u012bbu dambis 24d , LV-1005<\\\/span><\\\/a><\\\/p>\",\"margin\":\"default\"}},{\"type\":\"image\",\"props\":{\"image\":\"wp-content\\\/uploads\\\/2023\\\/12\\\/itrade_logo_vectorized_PNG.png\",\"image_svg_color\":\"emphasis\",\"image_width\":\"200\",\"margin\":\"default\",\"position\":\"absolute\",\"position_left\":\"-45\",\"position_top\":\"160\"}},{\"type\":\"button\",\"props\":{\"grid_column_gap\":\"small\",\"grid_row_gap\":\"small\",\"margin\":\"small\"},\"children\":[{\"type\":\"button_item\",\"props\":{\"button_style\":\"link-text\",\"content\":\"info@itrade.lv\",\"icon\":\"mail\",\"icon_align\":\"left\",\"link\":\"mailto:info@itrade.lv\"}},{\"type\":\"button_item\",\"props\":{\"button_style\":\"link-text\",\"content\":\"Whatsapp\",\"icon\":\"whatsapp\",\"icon_align\":\"left\",\"link\":\"https:\\\/\\\/wa.me\\\/+37124246696\"}},{\"type\":\"button_item\",\"props\":{\"button_style\":\"link-text\",\"content\":\"+37124246696\",\"icon\":\"receiver\",\"icon_align\":\"left\",\"link\":\"call:+37124246696\"}}]}]},{\"name\":\"\",\"type\":\"column\",\"props\":{\"image_position\":\"center-center\",\"media_overlay_gradient\":\"\",\"position_sticky_breakpoint\":\"m\",\"width_medium\":\"1-2\"},\"children\":[{\"name\":\"\",\"type\":\"headline\",\"props\":{\"content\":\"Warehouse\",\"title_element\":\"div\",\"title_style\":\"h5\"}},{\"name\":\"\",\"type\":\"text\",\"props\":{\"column_breakpoint\":\"m\",\"content\":\"\n\n<p>R\\u012bga, Gan\\u012bbu dambis 24d<br \\\/>warehouse@itrade.lv<br \\\/><span>+37129999016<\\\/span><\\\/p>\",\"margin\":\"default\"}},{\"type\":\"map\",\"props\":{\"controls\":true,\"dragging\":false,\"image_svg_color\":\"emphasis\",\"link_style\":\"default\",\"link_text\":\"Read more\",\"margin\":\"default\",\"max_zoom\":18,\"meta_align\":\"below-title\",\"meta_element\":\"div\",\"meta_style\":\"text-meta\",\"min_zoom\":0,\"poi\":false,\"show_content\":true,\"show_image\":true,\"show_link\":true,\"show_meta\":true,\"show_title\":true,\"title_element\":\"h3\",\"title_hover_style\":\"reset\",\"type\":\"roadmap\",\"zoom\":10,\"zooming\":false},\"children\":[{\"type\":\"map_item\",\"props\":{\"location\":\"56.9811,24.1190\",\"title\":\"Gan\\u012bbu dambis 24d, Zieme\\u013cu rajons, R\\u012bga, LV-1005\"}}]}]}]}]}],\"version\":\"3.0.27\"} --><\/p>\n","protected":false},"excerpt":{"rendered":"<p>EN LV RU Sign In Sign Up quality serviceand competitive prices Join our team Register and get access to wholesale offers on thousands of products from famous brands, as well as unique offers for retail chains of products from Swissten, Mocco, Promate, Mars Gaming, Vertux&#8230; B2B platform Access to the entire range of products is [&hellip;]<\/p>\n","protected":false},"author":1,"featured_media":0,"parent":0,"menu_order":5,"comment_status":"closed","ping_status":"closed","template":"","meta":{"footnotes":""},"class_list":["post-2","page","type-page","status-publish","hentry"],"acf":[],"_links":{"self":[{"href":"https:\/\/itrade.lv\/en\/index.php?rest_route=\/wp\/v2\/pages\/2","targetHints":{"allow":["GET"]}}],"collection":[{"href":"https:\/\/itrade.lv\/en\/index.php?rest_route=\/wp\/v2\/pages"}],"about":[{"href":"https:\/\/itrade.lv\/en\/index.php?rest_route=\/wp\/v2\/types\/page"}],"author":[{"embeddable":true,"href":"https:\/\/itrade.lv\/en\/index.php?rest_route=\/wp\/v2\/users\/1"}],"replies":[{"embeddable":true,"href":"https:\/\/itrade.lv\/en\/index.php?rest_route=%2Fwp%2Fv2%2Fcomments&post=2"}],"version-history":[{"count":91,"href":"https:\/\/itrade.lv\/en\/index.php?rest_route=\/wp\/v2\/pages\/2\/revisions"}],"predecessor-version":[{"id":1621,"href":"https:\/\/itrade.lv\/en\/index.php?rest_route=\/wp\/v2\/pages\/2\/revisions\/1621"}],"wp:attachment":[{"href":"https:\/\/itrade.lv\/en\/index.php?rest_route=%2Fwp%2Fv2%2Fmedia&parent=2"}],"curies":[{"name":"wp","href":"https:\/\/api.w.org\/{rel}","templated":true}]}}